{"id":3255,"date":"2025-11-24T16:09:15","date_gmt":"2025-11-24T15:09:15","guid":{"rendered":"https:\/\/woerle-fahrzeugtechnik.de\/widerruf\/"},"modified":"2025-12-11T12:08:37","modified_gmt":"2025-12-11T11:08:37","slug":"cancellation-policy","status":"publish","type":"page","link":"https:\/\/woerle-fahrzeugtechnik.com\/en\/cancellation-policy\/","title":{"rendered":"Cancellation policy"},"content":{"rendered":"<div class=\"wpb-content-wrapper\"><p>[vc_row css=&#8221;.vc_custom_1763996928679{padding-top: 3% !important;padding-right: 3% !important;padding-bottom: 3% !important;padding-left: 3% !important;}&#8221; conditional_render=&#8221;%5B%7B%22value_role%22%3A%22administrator%22%7D%5D&#8221; css_params=&#8221;&#8221;][vc_column][vc_column_text css=&#8221;&#8221; css_params=&#8221;&#8221;]<\/p>\n<div class=\"wpb_text_column wpb_content_element wpb_custom_7c91d232724f73626cc933bd95b25ff0\">\n<div class=\"wpb_wrapper\">\n<h1>Cancellation<\/h1>\n<p><strong>Right of cancellation for consumers &nbsp;<\/strong><\/p>\n<\/div>\n<\/div>\n<div class=\"wpb_text_column wpb_content_element wpb_custom_7c91d232724f73626cc933bd95b25ff0\">\n<div class=\"wpb_wrapper\">\n<p>(A consumer is any natural person who enters into a legal transaction for purposes that are predominantly neither commercial nor their independent professional activity.)<\/p>\n<p><strong>Cancellation policy<\/strong><\/p>\n<p><strong>Right of cancellation<\/strong><\/p>\n<p>You have the right to cancel this contract within 14 days without giving any reason.<br \/>\nThe withdrawal period is 14 days from the day<\/p>\n<p>\u2013 on which you or a third party named by you, who is not the carrier, took possession of the goods, provided that you ordered one or more goods as part of a single order and these are delivered as a single delivery;<\/p>\n<p>\u2013 on which you or a third party designated by you, who is not the carrier, took possession of the last goods, provided that you ordered several goods as part of a single order and these are delivered separately;<\/p>\n<p>\u2013 on the day on which you or a third party designated by you, who is not the carrier, took possession of the last partial shipment or the last item, provided that you ordered goods that are delivered in several partial shipments or items;<\/p>\n<p>To exercise your right of withdrawal, you must inform us (Roman W\u00f6rle, W\u00f6rle Fahrzeugtechnik, Johannesstra\u00dfe 1a, 89428 Syrgenstein, Germany, info@woerle-fahrzeugtechnik.com) of your decision to withdraw from this contract by means of a clear statement (e.g., a letter sent by post or an email). You can use the attached sample withdrawal form for this purpose, but this is not mandatory.<\/p>\n<p>To meet the withdrawal deadline, it is sufficient for you to send your notification of exercising your right of withdrawal before the withdrawal period expires.<\/p>\n<p><strong>Consequences of revocation<br \/>\n<\/strong><\/p>\n<p>If you withdraw from this contract, we shall reimburse you for all payments we have received from you, including delivery costs (with the exception of additional costs resulting from your choice of a type of delivery other than the cheapest standard delivery offered by us), without delay and at the latest within 14 days of the day on which we receive notification of your withdrawal from this contract. We will use the same means of payment for this refund as you used for the original transaction, unless expressly agreed otherwise with you; in no event will you be charged for this refund.<\/p>\n<p>We may refuse to refund until we have received the goods back or until you have provided proof that you have returned the goods, whichever is earlier.<\/p>\n<p>You must return or hand over the goods to us immediately and in any case no later than 14 days from the day on which you notify us of your withdrawal from this contract. The deadline is met if you send the goods before the 14-day period expires.<\/p>\n<p>You bear the direct costs of returning goods that can be shipped by parcel post, as well as the direct costs of returning goods that cannot be shipped by parcel post. The costs for goods that cannot be shipped by parcel post are estimated at a maximum of approximately EUR 69.<\/p>\n<p>You shall only be liable for any loss in value of the goods if this loss in value is attributable to handling of the goods that is not necessary for testing their condition, properties, and functionality.<\/p>\n<p><strong>Reasons for exclusion or expiry<\/strong><\/p>\n<p>The right of withdrawal does not apply to contracts<\/p>\n<p>\u2013 for the delivery of goods that are not prefabricated and for the manufacture of which an individual selection or determination by the consumer is decisive or which are clearly tailored to the personal needs of the consumer;<br \/>\n\u2013 for the delivery of goods that can spoil quickly or whose expiration date would be quickly exceeded;<br \/>\n\u2013 for the delivery of alcoholic beverages, the price of which was agreed upon at the time of conclusion of the contract, but which cannot be delivered until at least 30 days after conclusion of the contract and whose current value depends on fluctuations in the market over which the entrepreneur has no influence;<br \/>\n\u2013 for the delivery of newspapers, magazines, or illustrated magazines, with the exception of subscription contracts.<\/p>\n<p>The right of withdrawal expires prematurely in the case of contracts<\/p>\n<p>\u2013 for the delivery of sealed goods that are not suitable for return for reasons of health protection or hygiene if their seal has been removed after delivery;<br \/>\n\u2013 for the delivery of goods if, due to their nature, they have been inseparably mixed with other goods after delivery;<br \/>\n\u2013 for the delivery of audio or video recordings or computer software in sealed packaging if the seal has been removed after delivery.<\/p>\n<hr>\n<p><strong>Sample cancellation form<\/strong><\/p>\n<p>(If you wish to cancel the contract, please fill out this form and return it to us.)<\/p>\n<p>\u2013 To Roman W\u00f6rle<br \/>\nW\u00f6rle Fahrzeugtechnik<br \/>\nJohannesstra\u00dfe 1a<br \/>\n89428 Syrgenstein<br \/>\nGermany,<br \/>\nEmail address: info@woerle-fahrzeugtechnik.com :<\/p>\n<p>\u2013 I\/we (*) hereby withdraw from the contract concluded by me\/us (*) for the purchase of the following goods (*)\/<br \/>\nthe provision of the following service (*)<\/p>\n<p>\u2013 Ordered on (*)\/ received on (*)<\/p>\n<p>\u2013 Name of the consumer(s)<br \/>\n\u2013 Address of the consumer(s)<br \/>\n\u2013 Signature of the consumer(s) (only for paper notifications)<br \/>\n\u2013 Date<\/p>\n<p>(*) Delete as applicable.<\/p>\n<\/div>\n<\/div>\n<p>[\/vc_column_text][\/vc_column][\/vc_row]<\/p>\n<\/div>","protected":false},"excerpt":{"rendered":"<p>[vc_row css=&#8221;.vc_custom_1763996928679{padding-top: 3% !important;padding-right: 3% !important;padding-bottom: 3% !important;padding-left: 3% !important;}&#8221; conditional_render=&#8221;%5B%7B%22value_role%22%3A%22administrator%22%7D%5D&#8221; css_params=&#8221;&#8221;][vc_column][vc_column_text css=&#8221;&#8221; css_params=&#8221;&#8221;] Cancellation Right of cancellation for consumers &nbsp; (A consumer is any natural person who enters into a legal transaction for purposes that are predominantly neither commercial nor their independent professional activity.) Cancellation policy Right of cancellation You have the right to [&hellip;]<\/p>\n","protected":false},"author":1,"featured_media":0,"parent":0,"menu_order":0,"comment_status":"closed","ping_status":"closed","template":"","meta":{"inline_featured_image":false,"footnotes":""},"class_list":["post-3255","page","type-page","status-publish","hentry"],"yoast_head":"<!-- This site is optimized with the Yoast SEO plugin v27.2 - https:\/\/yoast.com\/product\/yoast-seo-wordpress\/ -->\n<title>Cancellation policy | W\u00f6rle Fahrzeugtechnik<\/title>\n<meta name=\"robots\" content=\"noindex, nofollow\" \/>\n<meta property=\"og:locale\" content=\"en_US\" \/>\n<meta property=\"og:type\" content=\"article\" \/>\n<meta property=\"og:title\" content=\"Cancellation policy | W\u00f6rle Fahrzeugtechnik\" \/>\n<meta property=\"og:description\" content=\"[vc_row css=&#8221;.vc_custom_1763996928679{padding-top: 3% !important;padding-right: 3% !important;padding-bottom: 3% !important;padding-left: 3% !important;}&#8221; conditional_render=&#8221;%5B%7B%22value_role%22%3A%22administrator%22%7D%5D&#8221; css_params=&#8221;&#8221;][vc_column][vc_column_text css=&#8221;&#8221; css_params=&#8221;&#8221;] Cancellation Right of cancellation for consumers &nbsp; (A consumer is any natural person who enters into a legal transaction for purposes that are predominantly neither commercial nor their independent professional activity.) Cancellation policy Right of cancellation You have the right to [&hellip;]\" \/>\n<meta property=\"og:url\" content=\"https:\/\/woerle-fahrzeugtechnik.com\/widerruf\/\" \/>\n<meta property=\"og:site_name\" content=\"W\u00f6rle Fahrzeugtechnik\" \/>\n<meta property=\"article:publisher\" content=\"https:\/\/www.facebook.com\/OldtimerMercedes\/\" \/>\n<meta property=\"article:modified_time\" content=\"2025-12-11T11:08:37+00:00\" \/>\n<meta property=\"og:image\" content=\"https:\/\/woerle-fahrzeugtechnik.com\/wp-content\/files\/2025\/11\/logo-woerle-fahrzeugtechnik-y.jpg\" \/>\n\t<meta property=\"og:image:width\" content=\"1200\" \/>\n\t<meta property=\"og:image:height\" content=\"675\" \/>\n\t<meta property=\"og:image:type\" content=\"image\/jpeg\" \/>\n<meta name=\"twitter:card\" content=\"summary_large_image\" \/>\n<meta name=\"twitter:label1\" content=\"Est. reading time\" \/>\n\t<meta name=\"twitter:data1\" content=\"5 minutes\" \/>\n<script type=\"application\/ld+json\" class=\"yoast-schema-graph\">{\"@context\":\"https:\/\/schema.org\",\"@graph\":[{\"@type\":\"WebPage\",\"@id\":\"https:\/\/woerle-fahrzeugtechnik.com\/widerruf\/\",\"url\":\"https:\/\/woerle-fahrzeugtechnik.com\/widerruf\/\",\"name\":\"Cancellation policy | W\u00f6rle Fahrzeugtechnik\",\"isPartOf\":{\"@id\":\"https:\/\/woerle-fahrzeugtechnik.com\/#website\"},\"datePublished\":\"2025-11-24T15:09:15+00:00\",\"dateModified\":\"2025-12-11T11:08:37+00:00\",\"breadcrumb\":{\"@id\":\"https:\/\/woerle-fahrzeugtechnik.com\/widerruf\/#breadcrumb\"},\"inLanguage\":\"en-US\",\"potentialAction\":[{\"@type\":\"ReadAction\",\"target\":[\"https:\/\/woerle-fahrzeugtechnik.com\/widerruf\/\"]}]},{\"@type\":\"BreadcrumbList\",\"@id\":\"https:\/\/woerle-fahrzeugtechnik.com\/widerruf\/#breadcrumb\",\"itemListElement\":[{\"@type\":\"ListItem\",\"position\":1,\"name\":\"Startseite\",\"item\":\"https:\/\/woerle-fahrzeugtechnik.com\/en\/\"},{\"@type\":\"ListItem\",\"position\":2,\"name\":\"Cancellation policy\"}]},{\"@type\":\"WebSite\",\"@id\":\"https:\/\/woerle-fahrzeugtechnik.com\/#website\",\"url\":\"https:\/\/woerle-fahrzeugtechnik.com\/\",\"name\":\"W\u00f6rle Fahrzeugtechnik\",\"description\":\"\",\"publisher\":{\"@id\":\"https:\/\/woerle-fahrzeugtechnik.com\/#organization\"},\"potentialAction\":[{\"@type\":\"SearchAction\",\"target\":{\"@type\":\"EntryPoint\",\"urlTemplate\":\"https:\/\/woerle-fahrzeugtechnik.com\/?s={search_term_string}\"},\"query-input\":{\"@type\":\"PropertyValueSpecification\",\"valueRequired\":true,\"valueName\":\"search_term_string\"}}],\"inLanguage\":\"en-US\"},{\"@type\":\"Organization\",\"@id\":\"https:\/\/woerle-fahrzeugtechnik.com\/#organization\",\"name\":\"W\u00f6rle Fahrzeugtechnik\",\"url\":\"https:\/\/woerle-fahrzeugtechnik.com\/\",\"logo\":{\"@type\":\"ImageObject\",\"inLanguage\":\"en-US\",\"@id\":\"https:\/\/woerle-fahrzeugtechnik.com\/#\/schema\/logo\/image\/\",\"url\":\"https:\/\/woerle-fahrzeugtechnik.com\/wp-content\/files\/2025\/11\/logo-woerle-fahrzeugtechnik-q.jpg\",\"contentUrl\":\"https:\/\/woerle-fahrzeugtechnik.com\/wp-content\/files\/2025\/11\/logo-woerle-fahrzeugtechnik-q.jpg\",\"width\":300,\"height\":300,\"caption\":\"W\u00f6rle Fahrzeugtechnik\"},\"image\":{\"@id\":\"https:\/\/woerle-fahrzeugtechnik.com\/#\/schema\/logo\/image\/\"},\"sameAs\":[\"https:\/\/www.facebook.com\/OldtimerMercedes\/\"]}]}<\/script>\n<!-- \/ Yoast SEO plugin. -->","yoast_head_json":{"title":"Cancellation policy | W\u00f6rle Fahrzeugtechnik","robots":{"index":"noindex","follow":"nofollow"},"og_locale":"en_US","og_type":"article","og_title":"Cancellation policy | W\u00f6rle Fahrzeugtechnik","og_description":"[vc_row css=&#8221;.vc_custom_1763996928679{padding-top: 3% !important;padding-right: 3% !important;padding-bottom: 3% !important;padding-left: 3% !important;}&#8221; conditional_render=&#8221;%5B%7B%22value_role%22%3A%22administrator%22%7D%5D&#8221; css_params=&#8221;&#8221;][vc_column][vc_column_text css=&#8221;&#8221; css_params=&#8221;&#8221;] Cancellation Right of cancellation for consumers &nbsp; (A consumer is any natural person who enters into a legal transaction for purposes that are predominantly neither commercial nor their independent professional activity.) Cancellation policy Right of cancellation You have the right to [&hellip;]","og_url":"https:\/\/woerle-fahrzeugtechnik.com\/widerruf\/","og_site_name":"W\u00f6rle Fahrzeugtechnik","article_publisher":"https:\/\/www.facebook.com\/OldtimerMercedes\/","article_modified_time":"2025-12-11T11:08:37+00:00","og_image":[{"width":1200,"height":675,"url":"https:\/\/woerle-fahrzeugtechnik.com\/wp-content\/files\/2025\/11\/logo-woerle-fahrzeugtechnik-y.jpg","type":"image\/jpeg"}],"twitter_card":"summary_large_image","twitter_misc":{"Est. reading time":"5 minutes"},"schema":{"@context":"https:\/\/schema.org","@graph":[{"@type":"WebPage","@id":"https:\/\/woerle-fahrzeugtechnik.com\/widerruf\/","url":"https:\/\/woerle-fahrzeugtechnik.com\/widerruf\/","name":"Cancellation policy | W\u00f6rle Fahrzeugtechnik","isPartOf":{"@id":"https:\/\/woerle-fahrzeugtechnik.com\/#website"},"datePublished":"2025-11-24T15:09:15+00:00","dateModified":"2025-12-11T11:08:37+00:00","breadcrumb":{"@id":"https:\/\/woerle-fahrzeugtechnik.com\/widerruf\/#breadcrumb"},"inLanguage":"en-US","potentialAction":[{"@type":"ReadAction","target":["https:\/\/woerle-fahrzeugtechnik.com\/widerruf\/"]}]},{"@type":"BreadcrumbList","@id":"https:\/\/woerle-fahrzeugtechnik.com\/widerruf\/#breadcrumb","itemListElement":[{"@type":"ListItem","position":1,"name":"Startseite","item":"https:\/\/woerle-fahrzeugtechnik.com\/en\/"},{"@type":"ListItem","position":2,"name":"Cancellation policy"}]},{"@type":"WebSite","@id":"https:\/\/woerle-fahrzeugtechnik.com\/#website","url":"https:\/\/woerle-fahrzeugtechnik.com\/","name":"W\u00f6rle Fahrzeugtechnik","description":"","publisher":{"@id":"https:\/\/woerle-fahrzeugtechnik.com\/#organization"},"potentialAction":[{"@type":"SearchAction","target":{"@type":"EntryPoint","urlTemplate":"https:\/\/woerle-fahrzeugtechnik.com\/?s={search_term_string}"},"query-input":{"@type":"PropertyValueSpecification","valueRequired":true,"valueName":"search_term_string"}}],"inLanguage":"en-US"},{"@type":"Organization","@id":"https:\/\/woerle-fahrzeugtechnik.com\/#organization","name":"W\u00f6rle Fahrzeugtechnik","url":"https:\/\/woerle-fahrzeugtechnik.com\/","logo":{"@type":"ImageObject","inLanguage":"en-US","@id":"https:\/\/woerle-fahrzeugtechnik.com\/#\/schema\/logo\/image\/","url":"https:\/\/woerle-fahrzeugtechnik.com\/wp-content\/files\/2025\/11\/logo-woerle-fahrzeugtechnik-q.jpg","contentUrl":"https:\/\/woerle-fahrzeugtechnik.com\/wp-content\/files\/2025\/11\/logo-woerle-fahrzeugtechnik-q.jpg","width":300,"height":300,"caption":"W\u00f6rle Fahrzeugtechnik"},"image":{"@id":"https:\/\/woerle-fahrzeugtechnik.com\/#\/schema\/logo\/image\/"},"sameAs":["https:\/\/www.facebook.com\/OldtimerMercedes\/"]}]}},"_links":{"self":[{"href":"https:\/\/woerle-fahrzeugtechnik.com\/en\/wp-json\/wp\/v2\/pages\/3255","targetHints":{"allow":["GET"]}}],"collection":[{"href":"https:\/\/woerle-fahrzeugtechnik.com\/en\/wp-json\/wp\/v2\/pages"}],"about":[{"href":"https:\/\/woerle-fahrzeugtechnik.com\/en\/wp-json\/wp\/v2\/types\/page"}],"author":[{"embeddable":true,"href":"https:\/\/woerle-fahrzeugtechnik.com\/en\/wp-json\/wp\/v2\/users\/1"}],"replies":[{"embeddable":true,"href":"https:\/\/woerle-fahrzeugtechnik.com\/en\/wp-json\/wp\/v2\/comments?post=3255"}],"version-history":[{"count":2,"href":"https:\/\/woerle-fahrzeugtechnik.com\/en\/wp-json\/wp\/v2\/pages\/3255\/revisions"}],"predecessor-version":[{"id":3256,"href":"https:\/\/woerle-fahrzeugtechnik.com\/en\/wp-json\/wp\/v2\/pages\/3255\/revisions\/3256"}],"wp:attachment":[{"href":"https:\/\/woerle-fahrzeugtechnik.com\/en\/wp-json\/wp\/v2\/media?parent=3255"}],"curies":[{"name":"wp","href":"https:\/\/api.w.org\/{rel}","templated":true}]}}