{"id":1612,"date":"2025-11-24T16:06:51","date_gmt":"2025-11-24T15:06:51","guid":{"rendered":"https:\/\/woerle-fahrzeugtechnik.de\/impressum\/"},"modified":"2025-12-09T10:27:53","modified_gmt":"2025-12-09T09:27:53","slug":"imprint","status":"publish","type":"page","link":"https:\/\/woerle-fahrzeugtechnik.com\/en\/imprint\/","title":{"rendered":"Imprint"},"content":{"rendered":"<div class=\"wpb-content-wrapper\"><p>[vc_row css=&#8221;.vc_custom_1763996803119{padding-top: 3% !important;padding-right: 3% !important;padding-bottom: 3% !important;padding-left: 3% !important;}&#8221; conditional_render=&#8221;%5B%7B%22value_role%22%3A%22administrator%22%7D%5D&#8221; css_params=&#8221;&#8221;][vc_column][vc_column_text css=&#8221;&#8221; css_params=&#8221;&#8221;]<\/p>\n<h1>Imprint<\/h1>\n<p>Roman W\u00f6rle<br \/>\nW\u00f6rle Fahrzeugtechnik<br \/>\nJohannesstra\u00dfe 1a<br \/>\n89428 Syrgenstein<\/p>\n<h2>Contact<\/h2>\n<p>Phone: +49 9077 \/ 95 07 89<br \/>\nTelefax: +49 9077 \/ 95 07 90<br \/>\nE-mail: info@woerle-fahrzeugtechnik.com<\/p>\n<h2>VAT ID<\/h2>\n<p>Sales tax identification number according to Sect. 27 a of the Sales Tax Law:<br \/>\nDE 19 45 60 734<\/p>\n<h2>Dispute resolution proceedings in front of a consumer arbitration board<\/h2>\n<p>We are not willing or obliged to participate in dispute resolution proceedings in front of a consumer arbitration board.[\/vc_column_text][\/vc_column][\/vc_row]<\/p>\n<\/div>","protected":false},"excerpt":{"rendered":"<p>[vc_row css=&#8221;.vc_custom_1763996803119{padding-top: 3% !important;padding-right: 3% !important;padding-bottom: 3% !important;padding-left: 3% !important;}&#8221; conditional_render=&#8221;%5B%7B%22value_role%22%3A%22administrator%22%7D%5D&#8221; css_params=&#8221;&#8221;][vc_column][vc_column_text css=&#8221;&#8221; css_params=&#8221;&#8221;] Imprint Roman W\u00f6rle W\u00f6rle Fahrzeugtechnik Johannesstra\u00dfe 1a 89428 Syrgenstein Contact Phone: +49 9077 \/ 95 07 89 Telefax: +49 9077 \/ 95 07 90 E-mail: info@woerle-fahrzeugtechnik.com VAT ID Sales tax identification number according to Sect. 27 a of the Sales Tax [&hellip;]<\/p>\n","protected":false},"author":1,"featured_media":0,"parent":0,"menu_order":0,"comment_status":"closed","ping_status":"closed","template":"","meta":{"inline_featured_image":false,"footnotes":""},"class_list":["post-1612","page","type-page","status-publish","hentry"],"yoast_head":"<!-- This site is optimized with the Yoast SEO plugin v27.2 - https:\/\/yoast.com\/product\/yoast-seo-wordpress\/ -->\n<title>Imprint | W\u00f6rle Fahrzeugtechnik<\/title>\n<meta name=\"robots\" content=\"noindex, follow\" \/>\n<meta property=\"og:locale\" content=\"en_US\" \/>\n<meta property=\"og:type\" content=\"article\" \/>\n<meta property=\"og:title\" content=\"Imprint | W\u00f6rle Fahrzeugtechnik\" \/>\n<meta property=\"og:description\" content=\"[vc_row css=&#8221;.vc_custom_1763996803119{padding-top: 3% !important;padding-right: 3% !important;padding-bottom: 3% !important;padding-left: 3% !important;}&#8221; conditional_render=&#8221;%5B%7B%22value_role%22%3A%22administrator%22%7D%5D&#8221; css_params=&#8221;&#8221;][vc_column][vc_column_text css=&#8221;&#8221; css_params=&#8221;&#8221;] Imprint Roman W\u00f6rle W\u00f6rle Fahrzeugtechnik Johannesstra\u00dfe 1a 89428 Syrgenstein Contact Phone: +49 9077 \/ 95 07 89 Telefax: +49 9077 \/ 95 07 90 E-mail: info@woerle-fahrzeugtechnik.com VAT ID Sales tax identification number according to Sect. 27 a of the Sales Tax [&hellip;]\" \/>\n<meta property=\"og:url\" content=\"https:\/\/woerle-fahrzeugtechnik.com\/impressum\/\" \/>\n<meta property=\"og:site_name\" content=\"W\u00f6rle Fahrzeugtechnik\" \/>\n<meta property=\"article:publisher\" content=\"https:\/\/www.facebook.com\/OldtimerMercedes\/\" \/>\n<meta property=\"article:modified_time\" content=\"2025-12-09T09:27:53+00:00\" \/>\n<meta property=\"og:image\" content=\"https:\/\/woerle-fahrzeugtechnik.com\/wp-content\/files\/2025\/11\/logo-woerle-fahrzeugtechnik-y.jpg\" \/>\n\t<meta property=\"og:image:width\" content=\"1200\" \/>\n\t<meta property=\"og:image:height\" content=\"675\" \/>\n\t<meta property=\"og:image:type\" content=\"image\/jpeg\" \/>\n<meta name=\"twitter:card\" content=\"summary_large_image\" \/>\n<meta name=\"twitter:label1\" content=\"Est. reading time\" \/>\n\t<meta name=\"twitter:data1\" content=\"1 minute\" \/>\n<script type=\"application\/ld+json\" class=\"yoast-schema-graph\">{\"@context\":\"https:\/\/schema.org\",\"@graph\":[{\"@type\":\"WebPage\",\"@id\":\"https:\/\/woerle-fahrzeugtechnik.com\/impressum\/\",\"url\":\"https:\/\/woerle-fahrzeugtechnik.com\/impressum\/\",\"name\":\"Imprint | W\u00f6rle Fahrzeugtechnik\",\"isPartOf\":{\"@id\":\"https:\/\/woerle-fahrzeugtechnik.com\/#website\"},\"datePublished\":\"2025-11-24T15:06:51+00:00\",\"dateModified\":\"2025-12-09T09:27:53+00:00\",\"breadcrumb\":{\"@id\":\"https:\/\/woerle-fahrzeugtechnik.com\/impressum\/#breadcrumb\"},\"inLanguage\":\"en-US\",\"potentialAction\":[{\"@type\":\"ReadAction\",\"target\":[\"https:\/\/woerle-fahrzeugtechnik.com\/impressum\/\"]}]},{\"@type\":\"BreadcrumbList\",\"@id\":\"https:\/\/woerle-fahrzeugtechnik.com\/impressum\/#breadcrumb\",\"itemListElement\":[{\"@type\":\"ListItem\",\"position\":1,\"name\":\"Startseite\",\"item\":\"https:\/\/woerle-fahrzeugtechnik.com\/en\/\"},{\"@type\":\"ListItem\",\"position\":2,\"name\":\"Imprint\"}]},{\"@type\":\"WebSite\",\"@id\":\"https:\/\/woerle-fahrzeugtechnik.com\/#website\",\"url\":\"https:\/\/woerle-fahrzeugtechnik.com\/\",\"name\":\"W\u00f6rle Fahrzeugtechnik\",\"description\":\"\",\"publisher\":{\"@id\":\"https:\/\/woerle-fahrzeugtechnik.com\/#organization\"},\"potentialAction\":[{\"@type\":\"SearchAction\",\"target\":{\"@type\":\"EntryPoint\",\"urlTemplate\":\"https:\/\/woerle-fahrzeugtechnik.com\/?s={search_term_string}\"},\"query-input\":{\"@type\":\"PropertyValueSpecification\",\"valueRequired\":true,\"valueName\":\"search_term_string\"}}],\"inLanguage\":\"en-US\"},{\"@type\":\"Organization\",\"@id\":\"https:\/\/woerle-fahrzeugtechnik.com\/#organization\",\"name\":\"W\u00f6rle Fahrzeugtechnik\",\"url\":\"https:\/\/woerle-fahrzeugtechnik.com\/\",\"logo\":{\"@type\":\"ImageObject\",\"inLanguage\":\"en-US\",\"@id\":\"https:\/\/woerle-fahrzeugtechnik.com\/#\/schema\/logo\/image\/\",\"url\":\"https:\/\/woerle-fahrzeugtechnik.com\/wp-content\/files\/2025\/11\/logo-woerle-fahrzeugtechnik-q.jpg\",\"contentUrl\":\"https:\/\/woerle-fahrzeugtechnik.com\/wp-content\/files\/2025\/11\/logo-woerle-fahrzeugtechnik-q.jpg\",\"width\":300,\"height\":300,\"caption\":\"W\u00f6rle Fahrzeugtechnik\"},\"image\":{\"@id\":\"https:\/\/woerle-fahrzeugtechnik.com\/#\/schema\/logo\/image\/\"},\"sameAs\":[\"https:\/\/www.facebook.com\/OldtimerMercedes\/\"]}]}<\/script>\n<!-- \/ Yoast SEO plugin. -->","yoast_head_json":{"title":"Imprint | W\u00f6rle Fahrzeugtechnik","robots":{"index":"noindex","follow":"follow"},"og_locale":"en_US","og_type":"article","og_title":"Imprint | W\u00f6rle Fahrzeugtechnik","og_description":"[vc_row css=&#8221;.vc_custom_1763996803119{padding-top: 3% !important;padding-right: 3% !important;padding-bottom: 3% !important;padding-left: 3% !important;}&#8221; conditional_render=&#8221;%5B%7B%22value_role%22%3A%22administrator%22%7D%5D&#8221; css_params=&#8221;&#8221;][vc_column][vc_column_text css=&#8221;&#8221; css_params=&#8221;&#8221;] Imprint Roman W\u00f6rle W\u00f6rle Fahrzeugtechnik Johannesstra\u00dfe 1a 89428 Syrgenstein Contact Phone: +49 9077 \/ 95 07 89 Telefax: +49 9077 \/ 95 07 90 E-mail: info@woerle-fahrzeugtechnik.com VAT ID Sales tax identification number according to Sect. 27 a of the Sales Tax [&hellip;]","og_url":"https:\/\/woerle-fahrzeugtechnik.com\/impressum\/","og_site_name":"W\u00f6rle Fahrzeugtechnik","article_publisher":"https:\/\/www.facebook.com\/OldtimerMercedes\/","article_modified_time":"2025-12-09T09:27:53+00:00","og_image":[{"width":1200,"height":675,"url":"https:\/\/woerle-fahrzeugtechnik.com\/wp-content\/files\/2025\/11\/logo-woerle-fahrzeugtechnik-y.jpg","type":"image\/jpeg"}],"twitter_card":"summary_large_image","twitter_misc":{"Est. reading time":"1 minute"},"schema":{"@context":"https:\/\/schema.org","@graph":[{"@type":"WebPage","@id":"https:\/\/woerle-fahrzeugtechnik.com\/impressum\/","url":"https:\/\/woerle-fahrzeugtechnik.com\/impressum\/","name":"Imprint | W\u00f6rle Fahrzeugtechnik","isPartOf":{"@id":"https:\/\/woerle-fahrzeugtechnik.com\/#website"},"datePublished":"2025-11-24T15:06:51+00:00","dateModified":"2025-12-09T09:27:53+00:00","breadcrumb":{"@id":"https:\/\/woerle-fahrzeugtechnik.com\/impressum\/#breadcrumb"},"inLanguage":"en-US","potentialAction":[{"@type":"ReadAction","target":["https:\/\/woerle-fahrzeugtechnik.com\/impressum\/"]}]},{"@type":"BreadcrumbList","@id":"https:\/\/woerle-fahrzeugtechnik.com\/impressum\/#breadcrumb","itemListElement":[{"@type":"ListItem","position":1,"name":"Startseite","item":"https:\/\/woerle-fahrzeugtechnik.com\/en\/"},{"@type":"ListItem","position":2,"name":"Imprint"}]},{"@type":"WebSite","@id":"https:\/\/woerle-fahrzeugtechnik.com\/#website","url":"https:\/\/woerle-fahrzeugtechnik.com\/","name":"W\u00f6rle Fahrzeugtechnik","description":"","publisher":{"@id":"https:\/\/woerle-fahrzeugtechnik.com\/#organization"},"potentialAction":[{"@type":"SearchAction","target":{"@type":"EntryPoint","urlTemplate":"https:\/\/woerle-fahrzeugtechnik.com\/?s={search_term_string}"},"query-input":{"@type":"PropertyValueSpecification","valueRequired":true,"valueName":"search_term_string"}}],"inLanguage":"en-US"},{"@type":"Organization","@id":"https:\/\/woerle-fahrzeugtechnik.com\/#organization","name":"W\u00f6rle Fahrzeugtechnik","url":"https:\/\/woerle-fahrzeugtechnik.com\/","logo":{"@type":"ImageObject","inLanguage":"en-US","@id":"https:\/\/woerle-fahrzeugtechnik.com\/#\/schema\/logo\/image\/","url":"https:\/\/woerle-fahrzeugtechnik.com\/wp-content\/files\/2025\/11\/logo-woerle-fahrzeugtechnik-q.jpg","contentUrl":"https:\/\/woerle-fahrzeugtechnik.com\/wp-content\/files\/2025\/11\/logo-woerle-fahrzeugtechnik-q.jpg","width":300,"height":300,"caption":"W\u00f6rle Fahrzeugtechnik"},"image":{"@id":"https:\/\/woerle-fahrzeugtechnik.com\/#\/schema\/logo\/image\/"},"sameAs":["https:\/\/www.facebook.com\/OldtimerMercedes\/"]}]}},"_links":{"self":[{"href":"https:\/\/woerle-fahrzeugtechnik.com\/en\/wp-json\/wp\/v2\/pages\/1612","targetHints":{"allow":["GET"]}}],"collection":[{"href":"https:\/\/woerle-fahrzeugtechnik.com\/en\/wp-json\/wp\/v2\/pages"}],"about":[{"href":"https:\/\/woerle-fahrzeugtechnik.com\/en\/wp-json\/wp\/v2\/types\/page"}],"author":[{"embeddable":true,"href":"https:\/\/woerle-fahrzeugtechnik.com\/en\/wp-json\/wp\/v2\/users\/1"}],"replies":[{"embeddable":true,"href":"https:\/\/woerle-fahrzeugtechnik.com\/en\/wp-json\/wp\/v2\/comments?post=1612"}],"version-history":[{"count":1,"href":"https:\/\/woerle-fahrzeugtechnik.com\/en\/wp-json\/wp\/v2\/pages\/1612\/revisions"}],"predecessor-version":[{"id":1617,"href":"https:\/\/woerle-fahrzeugtechnik.com\/en\/wp-json\/wp\/v2\/pages\/1612\/revisions\/1617"}],"wp:attachment":[{"href":"https:\/\/woerle-fahrzeugtechnik.com\/en\/wp-json\/wp\/v2\/media?parent=1612"}],"curies":[{"name":"wp","href":"https:\/\/api.w.org\/{rel}","templated":true}]}}